{"id":7204,"date":"2013-11-18T03:58:16","date_gmt":"2013-11-18T08:58:16","guid":{"rendered":"https:\/\/leschocolatsdechloe.com\/shop\/uncategorized\/homemade-marshmallows"},"modified":"2022-12-11T13:51:26","modified_gmt":"2022-12-11T18:51:26","slug":"homemade-marshmallows","status":"publish","type":"product","link":"https:\/\/leschocolatsdechloe.com\/en\/product\/homemade-marshmallows","title":{"rendered":"Homemade marshmallows"},"content":{"rendered":"<p>Fresh vanilla marshmallows dipped in dark chocolate.<\/p>\n<p>To make homemade marshmallow, bring sugar water with vanilla to a boil. Add gelatin sheets. Beat like eggs until stiff. Let stand and put the mix in a pouch. Make small caps and dip them in dark chocolate.<\/p>\n<p>You can also avoid all these steps by ordering some right here. To indulge yourself even more, let them melt in your hot chocolate or eat them between two crackers by the fireplace.<\/p>\n<p>85 grams<\/p>\n","protected":false},"excerpt":{"rendered":"<p>Fresh vanilla marshmallows dipped in dark chocolate. To make homemade marshmallow, bring sugar water with vanilla to a boil. Add gelatin sheets. Beat like eggs until stiff. Let stand and put the mix in a pouch. Make small caps and dip them in dark chocolate. You can also avoid all these steps by ordering some&#8230;<\/p>\n","protected":false},"featured_media":4376,"template":"","meta":{"_acf_changed":false},"product_brand":[],"product_cat":[73],"product_tag":[],"class_list":{"0":"post-7204","1":"product","2":"type-product","3":"status-publish","4":"has-post-thumbnail","6":"product_cat-snacks","8":"first","9":"instock","10":"taxable","11":"shipping-taxable","12":"purchasable","13":"product-type-simple"},"acf":[],"yoast_head":"<!-- This site is optimized with the Yoast SEO plugin v26.9 - https:\/\/yoast.com\/product\/yoast-seo-wordpress\/ -->\n<title>Homemade marshmallows - Les chocolats de Chlo\u00e9<\/title>\n<meta name=\"robots\" content=\"index, follow, max-snippet:-1, max-image-preview:large, max-video-preview:-1\" \/>\n<link rel=\"canonical\" href=\"https:\/\/leschocolatsdechloe.com\/product\/guimauves-maison\" \/>\n<meta property=\"og:locale\" content=\"en_US\" \/>\n<meta property=\"og:type\" content=\"article\" \/>\n<meta property=\"og:title\" content=\"Homemade marshmallows - Les chocolats de Chlo\u00e9\" \/>\n<meta property=\"og:description\" content=\"Fresh vanilla marshmallows dipped in dark chocolate. To make homemade marshmallow, bring sugar water with vanilla to a boil. Add gelatin sheets. Beat like eggs until stiff. Let stand and put the mix in a pouch. Make small caps and dip them in dark chocolate. You can also avoid all these steps by ordering some...\" \/>\n<meta property=\"og:url\" content=\"https:\/\/leschocolatsdechloe.com\/product\/guimauves-maison\" \/>\n<meta property=\"og:site_name\" content=\"Les chocolats de Chlo\u00e9\" \/>\n<meta property=\"article:publisher\" content=\"https:\/\/www.facebook.com\/Les-chocolats-de-Chlo%c3%a9-284199728275695\/\" \/>\n<meta property=\"article:modified_time\" content=\"2022-12-11T18:51:26+00:00\" \/>\n<meta property=\"og:image\" content=\"https:\/\/leschocolatsdechloe.com\/app\/uploads\/2021\/01\/p16-1.jpg\" \/>\n\t<meta property=\"og:image:width\" content=\"1400\" \/>\n\t<meta property=\"og:image:height\" content=\"927\" \/>\n\t<meta property=\"og:image:type\" content=\"image\/jpeg\" \/>\n<meta name=\"twitter:card\" content=\"summary_large_image\" \/>\n<meta name=\"twitter:site\" content=\"@chocolatschloe\" \/>\n<script type=\"application\/ld+json\" class=\"yoast-schema-graph\">{\"@context\":\"https:\/\/schema.org\",\"@graph\":[{\"@type\":\"WebPage\",\"@id\":\"https:\/\/leschocolatsdechloe.com\/product\/guimauves-maison\",\"url\":\"https:\/\/leschocolatsdechloe.com\/product\/guimauves-maison\",\"name\":\"Homemade marshmallows - Les chocolats de Chlo\u00e9\",\"isPartOf\":{\"@id\":\"https:\/\/leschocolatsdechloe.com\/#website\"},\"primaryImageOfPage\":{\"@id\":\"https:\/\/leschocolatsdechloe.com\/product\/guimauves-maison#primaryimage\"},\"image\":{\"@id\":\"https:\/\/leschocolatsdechloe.com\/product\/guimauves-maison#primaryimage\"},\"thumbnailUrl\":\"https:\/\/leschocolatsdechloe.com\/app\/uploads\/2021\/01\/p16-1.jpg\",\"datePublished\":\"2013-11-18T08:58:16+00:00\",\"dateModified\":\"2022-12-11T18:51:26+00:00\",\"breadcrumb\":{\"@id\":\"https:\/\/leschocolatsdechloe.com\/product\/guimauves-maison#breadcrumb\"},\"inLanguage\":\"en-CA\",\"potentialAction\":[{\"@type\":\"ReadAction\",\"target\":[\"https:\/\/leschocolatsdechloe.com\/product\/guimauves-maison\"]}]},{\"@type\":\"ImageObject\",\"inLanguage\":\"en-CA\",\"@id\":\"https:\/\/leschocolatsdechloe.com\/product\/guimauves-maison#primaryimage\",\"url\":\"https:\/\/leschocolatsdechloe.com\/app\/uploads\/2021\/01\/p16-1.jpg\",\"contentUrl\":\"https:\/\/leschocolatsdechloe.com\/app\/uploads\/2021\/01\/p16-1.jpg\",\"width\":1400,\"height\":927,\"caption\":\"Les chocolats de Chlo\u00e9 - Guimauves maison\"},{\"@type\":\"BreadcrumbList\",\"@id\":\"https:\/\/leschocolatsdechloe.com\/product\/guimauves-maison#breadcrumb\",\"itemListElement\":[{\"@type\":\"ListItem\",\"position\":1,\"name\":\"Accueil\",\"item\":\"https:\/\/leschocolatsdechloe.com\/en\"},{\"@type\":\"ListItem\",\"position\":2,\"name\":\"Our products\",\"item\":\"https:\/\/leschocolatsdechloe.com\/en\/products\"},{\"@type\":\"ListItem\",\"position\":3,\"name\":\"Homemade marshmallows\"}]},{\"@type\":\"WebSite\",\"@id\":\"https:\/\/leschocolatsdechloe.com\/#website\",\"url\":\"https:\/\/leschocolatsdechloe.com\/\",\"name\":\"Les chocolats de Chlo\u00e9\",\"description\":\"Passionn\u00e9ment cuisin\u00e9s comme \u00e0 la maison\",\"publisher\":{\"@id\":\"https:\/\/leschocolatsdechloe.com\/#organization\"},\"potentialAction\":[{\"@type\":\"SearchAction\",\"target\":{\"@type\":\"EntryPoint\",\"urlTemplate\":\"https:\/\/leschocolatsdechloe.com\/?s={search_term_string}\"},\"query-input\":{\"@type\":\"PropertyValueSpecification\",\"valueRequired\":true,\"valueName\":\"search_term_string\"}}],\"inLanguage\":\"en-CA\"},{\"@type\":\"Organization\",\"@id\":\"https:\/\/leschocolatsdechloe.com\/#organization\",\"name\":\"Les chocolats de Chlo\u00e9\",\"url\":\"https:\/\/leschocolatsdechloe.com\/\",\"logo\":{\"@type\":\"ImageObject\",\"inLanguage\":\"en-CA\",\"@id\":\"https:\/\/leschocolatsdechloe.com\/#\/schema\/logo\/image\/\",\"url\":\"\/app\/uploads\/2021\/01\/logo-les-chocolats-de-chloe-3.png\",\"contentUrl\":\"\/app\/uploads\/2021\/01\/logo-les-chocolats-de-chloe-3.png\",\"width\":228,\"height\":93,\"caption\":\"Les chocolats de Chlo\u00e9\"},\"image\":{\"@id\":\"https:\/\/leschocolatsdechloe.com\/#\/schema\/logo\/image\/\"},\"sameAs\":[\"https:\/\/www.facebook.com\/Les-chocolats-de-Chlo\u00e9-284199728275695\/\",\"https:\/\/x.com\/chocolatschloe\",\"https:\/\/www.instagram.com\/chocolatsdechloe\/\"]}]}<\/script>\n<!-- \/ Yoast SEO plugin. -->","yoast_head_json":{"title":"Homemade marshmallows - Les chocolats de Chlo\u00e9","robots":{"index":"index","follow":"follow","max-snippet":"max-snippet:-1","max-image-preview":"max-image-preview:large","max-video-preview":"max-video-preview:-1"},"canonical":"https:\/\/leschocolatsdechloe.com\/product\/guimauves-maison","og_locale":"en_US","og_type":"article","og_title":"Homemade marshmallows - Les chocolats de Chlo\u00e9","og_description":"Fresh vanilla marshmallows dipped in dark chocolate. To make homemade marshmallow, bring sugar water with vanilla to a boil. Add gelatin sheets. Beat like eggs until stiff. Let stand and put the mix in a pouch. Make small caps and dip them in dark chocolate. You can also avoid all these steps by ordering some...","og_url":"https:\/\/leschocolatsdechloe.com\/product\/guimauves-maison","og_site_name":"Les chocolats de Chlo\u00e9","article_publisher":"https:\/\/www.facebook.com\/Les-chocolats-de-Chlo%c3%a9-284199728275695\/","article_modified_time":"2022-12-11T18:51:26+00:00","og_image":[{"width":1400,"height":927,"url":"https:\/\/leschocolatsdechloe.com\/app\/uploads\/2021\/01\/p16-1.jpg","type":"image\/jpeg"}],"twitter_card":"summary_large_image","twitter_site":"@chocolatschloe","schema":{"@context":"https:\/\/schema.org","@graph":[{"@type":"WebPage","@id":"https:\/\/leschocolatsdechloe.com\/product\/guimauves-maison","url":"https:\/\/leschocolatsdechloe.com\/product\/guimauves-maison","name":"Homemade marshmallows - Les chocolats de Chlo\u00e9","isPartOf":{"@id":"https:\/\/leschocolatsdechloe.com\/#website"},"primaryImageOfPage":{"@id":"https:\/\/leschocolatsdechloe.com\/product\/guimauves-maison#primaryimage"},"image":{"@id":"https:\/\/leschocolatsdechloe.com\/product\/guimauves-maison#primaryimage"},"thumbnailUrl":"https:\/\/leschocolatsdechloe.com\/app\/uploads\/2021\/01\/p16-1.jpg","datePublished":"2013-11-18T08:58:16+00:00","dateModified":"2022-12-11T18:51:26+00:00","breadcrumb":{"@id":"https:\/\/leschocolatsdechloe.com\/product\/guimauves-maison#breadcrumb"},"inLanguage":"en-CA","potentialAction":[{"@type":"ReadAction","target":["https:\/\/leschocolatsdechloe.com\/product\/guimauves-maison"]}]},{"@type":"ImageObject","inLanguage":"en-CA","@id":"https:\/\/leschocolatsdechloe.com\/product\/guimauves-maison#primaryimage","url":"https:\/\/leschocolatsdechloe.com\/app\/uploads\/2021\/01\/p16-1.jpg","contentUrl":"https:\/\/leschocolatsdechloe.com\/app\/uploads\/2021\/01\/p16-1.jpg","width":1400,"height":927,"caption":"Les chocolats de Chlo\u00e9 - Guimauves maison"},{"@type":"BreadcrumbList","@id":"https:\/\/leschocolatsdechloe.com\/product\/guimauves-maison#breadcrumb","itemListElement":[{"@type":"ListItem","position":1,"name":"Accueil","item":"https:\/\/leschocolatsdechloe.com\/en"},{"@type":"ListItem","position":2,"name":"Our products","item":"https:\/\/leschocolatsdechloe.com\/en\/products"},{"@type":"ListItem","position":3,"name":"Homemade marshmallows"}]},{"@type":"WebSite","@id":"https:\/\/leschocolatsdechloe.com\/#website","url":"https:\/\/leschocolatsdechloe.com\/","name":"Les chocolats de Chlo\u00e9","description":"Passionn\u00e9ment cuisin\u00e9s comme \u00e0 la maison","publisher":{"@id":"https:\/\/leschocolatsdechloe.com\/#organization"},"potentialAction":[{"@type":"SearchAction","target":{"@type":"EntryPoint","urlTemplate":"https:\/\/leschocolatsdechloe.com\/?s={search_term_string}"},"query-input":{"@type":"PropertyValueSpecification","valueRequired":true,"valueName":"search_term_string"}}],"inLanguage":"en-CA"},{"@type":"Organization","@id":"https:\/\/leschocolatsdechloe.com\/#organization","name":"Les chocolats de Chlo\u00e9","url":"https:\/\/leschocolatsdechloe.com\/","logo":{"@type":"ImageObject","inLanguage":"en-CA","@id":"https:\/\/leschocolatsdechloe.com\/#\/schema\/logo\/image\/","url":"\/app\/uploads\/2021\/01\/logo-les-chocolats-de-chloe-3.png","contentUrl":"\/app\/uploads\/2021\/01\/logo-les-chocolats-de-chloe-3.png","width":228,"height":93,"caption":"Les chocolats de Chlo\u00e9"},"image":{"@id":"https:\/\/leschocolatsdechloe.com\/#\/schema\/logo\/image\/"},"sameAs":["https:\/\/www.facebook.com\/Les-chocolats-de-Chlo\u00e9-284199728275695\/","https:\/\/x.com\/chocolatschloe","https:\/\/www.instagram.com\/chocolatsdechloe\/"]}]}},"_links":{"self":[{"href":"https:\/\/leschocolatsdechloe.com\/en\/wp-json\/wp\/v2\/product\/7204","targetHints":{"allow":["GET"]}}],"collection":[{"href":"https:\/\/leschocolatsdechloe.com\/en\/wp-json\/wp\/v2\/product"}],"about":[{"href":"https:\/\/leschocolatsdechloe.com\/en\/wp-json\/wp\/v2\/types\/product"}],"wp:featuredmedia":[{"embeddable":true,"href":"https:\/\/leschocolatsdechloe.com\/en\/wp-json\/wp\/v2\/media\/4376"}],"wp:attachment":[{"href":"https:\/\/leschocolatsdechloe.com\/en\/wp-json\/wp\/v2\/media?parent=7204"}],"wp:term":[{"taxonomy":"product_brand","embeddable":true,"href":"https:\/\/leschocolatsdechloe.com\/en\/wp-json\/wp\/v2\/product_brand?post=7204"},{"taxonomy":"product_cat","embeddable":true,"href":"https:\/\/leschocolatsdechloe.com\/en\/wp-json\/wp\/v2\/product_cat?post=7204"},{"taxonomy":"product_tag","embeddable":true,"href":"https:\/\/leschocolatsdechloe.com\/en\/wp-json\/wp\/v2\/product_tag?post=7204"}],"curies":[{"name":"wp","href":"https:\/\/api.w.org\/{rel}","templated":true}]}}