{"id":7345,"date":"2015-09-09T17:10:10","date_gmt":"2015-09-09T22:10:10","guid":{"rendered":"https:\/\/leschocolatsdechloe.com\/shop\/uncategorized\/homemade-jam"},"modified":"2022-03-07T14:17:55","modified_gmt":"2022-03-07T19:17:55","slug":"homemade-jam","status":"publish","type":"product","link":"https:\/\/leschocolatsdechloe.com\/en\/product\/homemade-jam","title":{"rendered":"Homemade jams"},"content":{"rendered":"<p>My grandma made them, my mom still makes them, and now I learned how to make them.<\/p>\n<p>We only use fruits and sugar. No pectin. The jams end up being more liquidy but that is why it tastes like the ones my grandma made. Especially the strawberry jam that you can spread on a toast and dip the remaining bread crusts in the sweet syrup that is left in the plate.<\/p>\n","protected":false},"excerpt":{"rendered":"<p>My grandma made them, my mom still makes them, and now I learned how to make them. We only use fruits and sugar. No pectin. The jams end up being more liquidy but that is why it tastes like the ones my grandma made. Especially the strawberry jam that you can spread on a toast&#8230;<\/p>\n","protected":false},"featured_media":4552,"template":"","meta":{"_acf_changed":false},"product_brand":[],"product_cat":[79,78],"product_tag":[],"class_list":{"0":"post-7345","1":"product","2":"type-product","3":"status-publish","4":"has-post-thumbnail","6":"product_cat-christmas","7":"product_cat-seasonal","9":"first","10":"outofstock","11":"shipping-taxable","12":"purchasable","13":"product-type-simple"},"acf":[],"yoast_head":"<!-- This site is optimized with the Yoast SEO plugin v26.9 - https:\/\/yoast.com\/product\/yoast-seo-wordpress\/ -->\n<title>Homemade jams - Les chocolats de Chlo\u00e9<\/title>\n<meta name=\"robots\" content=\"index, follow, max-snippet:-1, max-image-preview:large, max-video-preview:-1\" \/>\n<link rel=\"canonical\" href=\"https:\/\/leschocolatsdechloe.com\/en\/product\/homemade-jam\" \/>\n<meta property=\"og:locale\" content=\"en_US\" \/>\n<meta property=\"og:type\" content=\"article\" \/>\n<meta property=\"og:title\" content=\"Homemade jams - Les chocolats de Chlo\u00e9\" \/>\n<meta property=\"og:description\" content=\"My grandma made them, my mom still makes them, and now I learned how to make them. We only use fruits and sugar. No pectin. The jams end up being more liquidy but that is why it tastes like the ones my grandma made. Especially the strawberry jam that you can spread on a toast...\" \/>\n<meta property=\"og:url\" content=\"https:\/\/leschocolatsdechloe.com\/en\/product\/homemade-jam\" \/>\n<meta property=\"og:site_name\" content=\"Les chocolats de Chlo\u00e9\" \/>\n<meta property=\"article:publisher\" content=\"https:\/\/www.facebook.com\/Les-chocolats-de-Chlo%c3%a9-284199728275695\/\" \/>\n<meta property=\"article:modified_time\" content=\"2022-03-07T19:17:55+00:00\" \/>\n<meta property=\"og:image\" content=\"https:\/\/leschocolatsdechloe.com\/app\/uploads\/2021\/01\/Chloe-8-Octobre_030-1.jpg\" \/>\n\t<meta property=\"og:image:width\" content=\"853\" \/>\n\t<meta property=\"og:image:height\" content=\"1280\" \/>\n\t<meta property=\"og:image:type\" content=\"image\/jpeg\" \/>\n<meta name=\"twitter:card\" content=\"summary_large_image\" \/>\n<meta name=\"twitter:site\" content=\"@chocolatschloe\" \/>\n<script type=\"application\/ld+json\" class=\"yoast-schema-graph\">{\"@context\":\"https:\/\/schema.org\",\"@graph\":[{\"@type\":\"WebPage\",\"@id\":\"https:\/\/leschocolatsdechloe.com\/en\/product\/homemade-jam\",\"url\":\"https:\/\/leschocolatsdechloe.com\/en\/product\/homemade-jam\",\"name\":\"Homemade jams - Les chocolats de Chlo\u00e9\",\"isPartOf\":{\"@id\":\"https:\/\/leschocolatsdechloe.com\/#website\"},\"primaryImageOfPage\":{\"@id\":\"https:\/\/leschocolatsdechloe.com\/en\/product\/homemade-jam#primaryimage\"},\"image\":{\"@id\":\"https:\/\/leschocolatsdechloe.com\/en\/product\/homemade-jam#primaryimage\"},\"thumbnailUrl\":\"https:\/\/leschocolatsdechloe.com\/app\/uploads\/2021\/01\/Chloe-8-Octobre_030-1.jpg\",\"datePublished\":\"2015-09-09T22:10:10+00:00\",\"dateModified\":\"2022-03-07T19:17:55+00:00\",\"breadcrumb\":{\"@id\":\"https:\/\/leschocolatsdechloe.com\/en\/product\/homemade-jam#breadcrumb\"},\"inLanguage\":\"en-CA\",\"potentialAction\":[{\"@type\":\"ReadAction\",\"target\":[\"https:\/\/leschocolatsdechloe.com\/en\/product\/homemade-jam\"]}]},{\"@type\":\"ImageObject\",\"inLanguage\":\"en-CA\",\"@id\":\"https:\/\/leschocolatsdechloe.com\/en\/product\/homemade-jam#primaryimage\",\"url\":\"https:\/\/leschocolatsdechloe.com\/app\/uploads\/2021\/01\/Chloe-8-Octobre_030-1.jpg\",\"contentUrl\":\"https:\/\/leschocolatsdechloe.com\/app\/uploads\/2021\/01\/Chloe-8-Octobre_030-1.jpg\",\"width\":853,\"height\":1280,\"caption\":\"Confitures\"},{\"@type\":\"BreadcrumbList\",\"@id\":\"https:\/\/leschocolatsdechloe.com\/en\/product\/homemade-jam#breadcrumb\",\"itemListElement\":[{\"@type\":\"ListItem\",\"position\":1,\"name\":\"Accueil\",\"item\":\"https:\/\/leschocolatsdechloe.com\/en\"},{\"@type\":\"ListItem\",\"position\":2,\"name\":\"Our products\",\"item\":\"https:\/\/leschocolatsdechloe.com\/en\/products\"},{\"@type\":\"ListItem\",\"position\":3,\"name\":\"Homemade jams\"}]},{\"@type\":\"WebSite\",\"@id\":\"https:\/\/leschocolatsdechloe.com\/#website\",\"url\":\"https:\/\/leschocolatsdechloe.com\/\",\"name\":\"Les chocolats de Chlo\u00e9\",\"description\":\"Passionn\u00e9ment cuisin\u00e9s comme \u00e0 la maison\",\"publisher\":{\"@id\":\"https:\/\/leschocolatsdechloe.com\/#organization\"},\"potentialAction\":[{\"@type\":\"SearchAction\",\"target\":{\"@type\":\"EntryPoint\",\"urlTemplate\":\"https:\/\/leschocolatsdechloe.com\/?s={search_term_string}\"},\"query-input\":{\"@type\":\"PropertyValueSpecification\",\"valueRequired\":true,\"valueName\":\"search_term_string\"}}],\"inLanguage\":\"en-CA\"},{\"@type\":\"Organization\",\"@id\":\"https:\/\/leschocolatsdechloe.com\/#organization\",\"name\":\"Les chocolats de Chlo\u00e9\",\"url\":\"https:\/\/leschocolatsdechloe.com\/\",\"logo\":{\"@type\":\"ImageObject\",\"inLanguage\":\"en-CA\",\"@id\":\"https:\/\/leschocolatsdechloe.com\/#\/schema\/logo\/image\/\",\"url\":\"\/app\/uploads\/2021\/01\/logo-les-chocolats-de-chloe-3.png\",\"contentUrl\":\"\/app\/uploads\/2021\/01\/logo-les-chocolats-de-chloe-3.png\",\"width\":228,\"height\":93,\"caption\":\"Les chocolats de Chlo\u00e9\"},\"image\":{\"@id\":\"https:\/\/leschocolatsdechloe.com\/#\/schema\/logo\/image\/\"},\"sameAs\":[\"https:\/\/www.facebook.com\/Les-chocolats-de-Chlo\u00e9-284199728275695\/\",\"https:\/\/x.com\/chocolatschloe\",\"https:\/\/www.instagram.com\/chocolatsdechloe\/\"]}]}<\/script>\n<!-- \/ Yoast SEO plugin. -->","yoast_head_json":{"title":"Homemade jams - Les chocolats de Chlo\u00e9","robots":{"index":"index","follow":"follow","max-snippet":"max-snippet:-1","max-image-preview":"max-image-preview:large","max-video-preview":"max-video-preview:-1"},"canonical":"https:\/\/leschocolatsdechloe.com\/en\/product\/homemade-jam","og_locale":"en_US","og_type":"article","og_title":"Homemade jams - Les chocolats de Chlo\u00e9","og_description":"My grandma made them, my mom still makes them, and now I learned how to make them. We only use fruits and sugar. No pectin. The jams end up being more liquidy but that is why it tastes like the ones my grandma made. Especially the strawberry jam that you can spread on a toast...","og_url":"https:\/\/leschocolatsdechloe.com\/en\/product\/homemade-jam","og_site_name":"Les chocolats de Chlo\u00e9","article_publisher":"https:\/\/www.facebook.com\/Les-chocolats-de-Chlo%c3%a9-284199728275695\/","article_modified_time":"2022-03-07T19:17:55+00:00","og_image":[{"width":853,"height":1280,"url":"https:\/\/leschocolatsdechloe.com\/app\/uploads\/2021\/01\/Chloe-8-Octobre_030-1.jpg","type":"image\/jpeg"}],"twitter_card":"summary_large_image","twitter_site":"@chocolatschloe","schema":{"@context":"https:\/\/schema.org","@graph":[{"@type":"WebPage","@id":"https:\/\/leschocolatsdechloe.com\/en\/product\/homemade-jam","url":"https:\/\/leschocolatsdechloe.com\/en\/product\/homemade-jam","name":"Homemade jams - Les chocolats de Chlo\u00e9","isPartOf":{"@id":"https:\/\/leschocolatsdechloe.com\/#website"},"primaryImageOfPage":{"@id":"https:\/\/leschocolatsdechloe.com\/en\/product\/homemade-jam#primaryimage"},"image":{"@id":"https:\/\/leschocolatsdechloe.com\/en\/product\/homemade-jam#primaryimage"},"thumbnailUrl":"https:\/\/leschocolatsdechloe.com\/app\/uploads\/2021\/01\/Chloe-8-Octobre_030-1.jpg","datePublished":"2015-09-09T22:10:10+00:00","dateModified":"2022-03-07T19:17:55+00:00","breadcrumb":{"@id":"https:\/\/leschocolatsdechloe.com\/en\/product\/homemade-jam#breadcrumb"},"inLanguage":"en-CA","potentialAction":[{"@type":"ReadAction","target":["https:\/\/leschocolatsdechloe.com\/en\/product\/homemade-jam"]}]},{"@type":"ImageObject","inLanguage":"en-CA","@id":"https:\/\/leschocolatsdechloe.com\/en\/product\/homemade-jam#primaryimage","url":"https:\/\/leschocolatsdechloe.com\/app\/uploads\/2021\/01\/Chloe-8-Octobre_030-1.jpg","contentUrl":"https:\/\/leschocolatsdechloe.com\/app\/uploads\/2021\/01\/Chloe-8-Octobre_030-1.jpg","width":853,"height":1280,"caption":"Confitures"},{"@type":"BreadcrumbList","@id":"https:\/\/leschocolatsdechloe.com\/en\/product\/homemade-jam#breadcrumb","itemListElement":[{"@type":"ListItem","position":1,"name":"Accueil","item":"https:\/\/leschocolatsdechloe.com\/en"},{"@type":"ListItem","position":2,"name":"Our products","item":"https:\/\/leschocolatsdechloe.com\/en\/products"},{"@type":"ListItem","position":3,"name":"Homemade jams"}]},{"@type":"WebSite","@id":"https:\/\/leschocolatsdechloe.com\/#website","url":"https:\/\/leschocolatsdechloe.com\/","name":"Les chocolats de Chlo\u00e9","description":"Passionn\u00e9ment cuisin\u00e9s comme \u00e0 la maison","publisher":{"@id":"https:\/\/leschocolatsdechloe.com\/#organization"},"potentialAction":[{"@type":"SearchAction","target":{"@type":"EntryPoint","urlTemplate":"https:\/\/leschocolatsdechloe.com\/?s={search_term_string}"},"query-input":{"@type":"PropertyValueSpecification","valueRequired":true,"valueName":"search_term_string"}}],"inLanguage":"en-CA"},{"@type":"Organization","@id":"https:\/\/leschocolatsdechloe.com\/#organization","name":"Les chocolats de Chlo\u00e9","url":"https:\/\/leschocolatsdechloe.com\/","logo":{"@type":"ImageObject","inLanguage":"en-CA","@id":"https:\/\/leschocolatsdechloe.com\/#\/schema\/logo\/image\/","url":"\/app\/uploads\/2021\/01\/logo-les-chocolats-de-chloe-3.png","contentUrl":"\/app\/uploads\/2021\/01\/logo-les-chocolats-de-chloe-3.png","width":228,"height":93,"caption":"Les chocolats de Chlo\u00e9"},"image":{"@id":"https:\/\/leschocolatsdechloe.com\/#\/schema\/logo\/image\/"},"sameAs":["https:\/\/www.facebook.com\/Les-chocolats-de-Chlo\u00e9-284199728275695\/","https:\/\/x.com\/chocolatschloe","https:\/\/www.instagram.com\/chocolatsdechloe\/"]}]}},"_links":{"self":[{"href":"https:\/\/leschocolatsdechloe.com\/en\/wp-json\/wp\/v2\/product\/7345","targetHints":{"allow":["GET"]}}],"collection":[{"href":"https:\/\/leschocolatsdechloe.com\/en\/wp-json\/wp\/v2\/product"}],"about":[{"href":"https:\/\/leschocolatsdechloe.com\/en\/wp-json\/wp\/v2\/types\/product"}],"wp:featuredmedia":[{"embeddable":true,"href":"https:\/\/leschocolatsdechloe.com\/en\/wp-json\/wp\/v2\/media\/4552"}],"wp:attachment":[{"href":"https:\/\/leschocolatsdechloe.com\/en\/wp-json\/wp\/v2\/media?parent=7345"}],"wp:term":[{"taxonomy":"product_brand","embeddable":true,"href":"https:\/\/leschocolatsdechloe.com\/en\/wp-json\/wp\/v2\/product_brand?post=7345"},{"taxonomy":"product_cat","embeddable":true,"href":"https:\/\/leschocolatsdechloe.com\/en\/wp-json\/wp\/v2\/product_cat?post=7345"},{"taxonomy":"product_tag","embeddable":true,"href":"https:\/\/leschocolatsdechloe.com\/en\/wp-json\/wp\/v2\/product_tag?post=7345"}],"curies":[{"name":"wp","href":"https:\/\/api.w.org\/{rel}","templated":true}]}}