{"id":7380,"date":"2015-10-20T14:28:47","date_gmt":"2015-10-20T19:28:47","guid":{"rendered":"https:\/\/leschocolatsdechloe.com\/shop\/uncategorized\/big-chocolate-skull-in-a-box"},"modified":"2022-03-07T14:20:05","modified_gmt":"2022-03-07T19:20:05","slug":"big-chocolate-skull-in-a-box","status":"publish","type":"product","link":"https:\/\/leschocolatsdechloe.com\/en\/product\/big-chocolate-skull-in-a-box","title":{"rendered":"Big chocolate skull in a box"},"content":{"rendered":"<p>Our big chocolate skulls are pretty enough to be used as decorations, but you should eat them fast before they bite the dust! A small skull is hidden inside each one. Available in dark, milk or white chocolate.<\/p>\n<p>(Big chocolate skulls aren&#8217;t available for delivery, their heads are too soft for travel !)<\/p>\n<p>&#8220;Calaveras&#8221; (skulls) are a part of Mexican culture. They are offerings given to the dead and the living. &#8220;Dia de los muertos&#8221; (the day of the Dead) is celebrated between October 31st and November 3rd every year. It&#8217;s a joyous day which is celebrated between the living and the departed.<\/p>\n","protected":false},"excerpt":{"rendered":"<p>Our big chocolate skulls are pretty enough to be used as decorations, but you should eat them fast before they bite the dust! A small skull is hidden inside each one. Available in dark, milk or white chocolate. (Big chocolate skulls aren&#8217;t available for delivery, their heads are too soft for travel !) &#8220;Calaveras&#8221; (skulls)&#8230;<\/p>\n","protected":false},"featured_media":4572,"template":"","meta":{"_acf_changed":false},"product_brand":[],"product_cat":[86,78],"product_tag":[],"class_list":{"0":"post-7380","1":"product","2":"type-product","3":"status-publish","4":"has-post-thumbnail","6":"product_cat-halloween-seasonal","7":"product_cat-seasonal","9":"first","10":"outofstock","11":"taxable","12":"shipping-taxable","13":"purchasable","14":"product-type-variable","15":"has-default-attributes"},"acf":[],"yoast_head":"<!-- This site is optimized with the Yoast SEO plugin v26.9 - https:\/\/yoast.com\/product\/yoast-seo-wordpress\/ -->\n<title>Big chocolate skull in a box - Les chocolats de Chlo\u00e9<\/title>\n<meta name=\"robots\" content=\"index, follow, max-snippet:-1, max-image-preview:large, max-video-preview:-1\" \/>\n<link rel=\"canonical\" href=\"https:\/\/leschocolatsdechloe.com\/en\/product\/big-chocolate-skull-in-a-box\" \/>\n<meta property=\"og:locale\" content=\"en_US\" \/>\n<meta property=\"og:type\" content=\"article\" \/>\n<meta property=\"og:title\" content=\"Big chocolate skull in a box - Les chocolats de Chlo\u00e9\" \/>\n<meta property=\"og:description\" content=\"Our big chocolate skulls are pretty enough to be used as decorations, but you should eat them fast before they bite the dust! A small skull is hidden inside each one. Available in dark, milk or white chocolate. (Big chocolate skulls aren&#8217;t available for delivery, their heads are too soft for travel !) &#8220;Calaveras&#8221; (skulls)...\" \/>\n<meta property=\"og:url\" content=\"https:\/\/leschocolatsdechloe.com\/en\/product\/big-chocolate-skull-in-a-box\" \/>\n<meta property=\"og:site_name\" content=\"Les chocolats de Chlo\u00e9\" \/>\n<meta property=\"article:publisher\" content=\"https:\/\/www.facebook.com\/Les-chocolats-de-Chlo%c3%a9-284199728275695\/\" \/>\n<meta property=\"article:modified_time\" content=\"2022-03-07T19:20:05+00:00\" \/>\n<meta property=\"og:image\" content=\"https:\/\/leschocolatsdechloe.com\/app\/uploads\/2021\/01\/Chloe_Halloween-3-1.jpg\" \/>\n\t<meta property=\"og:image:width\" content=\"2200\" \/>\n\t<meta property=\"og:image:height\" content=\"1467\" \/>\n\t<meta property=\"og:image:type\" content=\"image\/jpeg\" \/>\n<meta name=\"twitter:card\" content=\"summary_large_image\" \/>\n<meta name=\"twitter:site\" content=\"@chocolatschloe\" \/>\n<meta name=\"twitter:label1\" content=\"Est. reading time\" \/>\n\t<meta name=\"twitter:data1\" content=\"1 minute\" \/>\n<script type=\"application\/ld+json\" class=\"yoast-schema-graph\">{\"@context\":\"https:\/\/schema.org\",\"@graph\":[{\"@type\":\"WebPage\",\"@id\":\"https:\/\/leschocolatsdechloe.com\/en\/product\/big-chocolate-skull-in-a-box\",\"url\":\"https:\/\/leschocolatsdechloe.com\/en\/product\/big-chocolate-skull-in-a-box\",\"name\":\"Big chocolate skull in a box - Les chocolats de Chlo\u00e9\",\"isPartOf\":{\"@id\":\"https:\/\/leschocolatsdechloe.com\/#website\"},\"primaryImageOfPage\":{\"@id\":\"https:\/\/leschocolatsdechloe.com\/en\/product\/big-chocolate-skull-in-a-box#primaryimage\"},\"image\":{\"@id\":\"https:\/\/leschocolatsdechloe.com\/en\/product\/big-chocolate-skull-in-a-box#primaryimage\"},\"thumbnailUrl\":\"https:\/\/leschocolatsdechloe.com\/app\/uploads\/2021\/01\/Chloe_Halloween-3-1.jpg\",\"datePublished\":\"2015-10-20T19:28:47+00:00\",\"dateModified\":\"2022-03-07T19:20:05+00:00\",\"breadcrumb\":{\"@id\":\"https:\/\/leschocolatsdechloe.com\/en\/product\/big-chocolate-skull-in-a-box#breadcrumb\"},\"inLanguage\":\"en-CA\",\"potentialAction\":[{\"@type\":\"ReadAction\",\"target\":[\"https:\/\/leschocolatsdechloe.com\/en\/product\/big-chocolate-skull-in-a-box\"]}]},{\"@type\":\"ImageObject\",\"inLanguage\":\"en-CA\",\"@id\":\"https:\/\/leschocolatsdechloe.com\/en\/product\/big-chocolate-skull-in-a-box#primaryimage\",\"url\":\"https:\/\/leschocolatsdechloe.com\/app\/uploads\/2021\/01\/Chloe_Halloween-3-1.jpg\",\"contentUrl\":\"https:\/\/leschocolatsdechloe.com\/app\/uploads\/2021\/01\/Chloe_Halloween-3-1.jpg\",\"width\":2200,\"height\":1467,\"caption\":\"Halloween - Gros cr\u00e2nes en chocolat\"},{\"@type\":\"BreadcrumbList\",\"@id\":\"https:\/\/leschocolatsdechloe.com\/en\/product\/big-chocolate-skull-in-a-box#breadcrumb\",\"itemListElement\":[{\"@type\":\"ListItem\",\"position\":1,\"name\":\"Accueil\",\"item\":\"https:\/\/leschocolatsdechloe.com\/en\"},{\"@type\":\"ListItem\",\"position\":2,\"name\":\"Our products\",\"item\":\"https:\/\/leschocolatsdechloe.com\/en\/products\"},{\"@type\":\"ListItem\",\"position\":3,\"name\":\"Big chocolate skull in a box\"}]},{\"@type\":\"WebSite\",\"@id\":\"https:\/\/leschocolatsdechloe.com\/#website\",\"url\":\"https:\/\/leschocolatsdechloe.com\/\",\"name\":\"Les chocolats de Chlo\u00e9\",\"description\":\"Passionn\u00e9ment cuisin\u00e9s comme \u00e0 la maison\",\"publisher\":{\"@id\":\"https:\/\/leschocolatsdechloe.com\/#organization\"},\"potentialAction\":[{\"@type\":\"SearchAction\",\"target\":{\"@type\":\"EntryPoint\",\"urlTemplate\":\"https:\/\/leschocolatsdechloe.com\/?s={search_term_string}\"},\"query-input\":{\"@type\":\"PropertyValueSpecification\",\"valueRequired\":true,\"valueName\":\"search_term_string\"}}],\"inLanguage\":\"en-CA\"},{\"@type\":\"Organization\",\"@id\":\"https:\/\/leschocolatsdechloe.com\/#organization\",\"name\":\"Les chocolats de Chlo\u00e9\",\"url\":\"https:\/\/leschocolatsdechloe.com\/\",\"logo\":{\"@type\":\"ImageObject\",\"inLanguage\":\"en-CA\",\"@id\":\"https:\/\/leschocolatsdechloe.com\/#\/schema\/logo\/image\/\",\"url\":\"\/app\/uploads\/2021\/01\/logo-les-chocolats-de-chloe-3.png\",\"contentUrl\":\"\/app\/uploads\/2021\/01\/logo-les-chocolats-de-chloe-3.png\",\"width\":228,\"height\":93,\"caption\":\"Les chocolats de Chlo\u00e9\"},\"image\":{\"@id\":\"https:\/\/leschocolatsdechloe.com\/#\/schema\/logo\/image\/\"},\"sameAs\":[\"https:\/\/www.facebook.com\/Les-chocolats-de-Chlo\u00e9-284199728275695\/\",\"https:\/\/x.com\/chocolatschloe\",\"https:\/\/www.instagram.com\/chocolatsdechloe\/\"]}]}<\/script>\n<!-- \/ Yoast SEO plugin. -->","yoast_head_json":{"title":"Big chocolate skull in a box - Les chocolats de Chlo\u00e9","robots":{"index":"index","follow":"follow","max-snippet":"max-snippet:-1","max-image-preview":"max-image-preview:large","max-video-preview":"max-video-preview:-1"},"canonical":"https:\/\/leschocolatsdechloe.com\/en\/product\/big-chocolate-skull-in-a-box","og_locale":"en_US","og_type":"article","og_title":"Big chocolate skull in a box - Les chocolats de Chlo\u00e9","og_description":"Our big chocolate skulls are pretty enough to be used as decorations, but you should eat them fast before they bite the dust! A small skull is hidden inside each one. Available in dark, milk or white chocolate. (Big chocolate skulls aren&#8217;t available for delivery, their heads are too soft for travel !) &#8220;Calaveras&#8221; (skulls)...","og_url":"https:\/\/leschocolatsdechloe.com\/en\/product\/big-chocolate-skull-in-a-box","og_site_name":"Les chocolats de Chlo\u00e9","article_publisher":"https:\/\/www.facebook.com\/Les-chocolats-de-Chlo%c3%a9-284199728275695\/","article_modified_time":"2022-03-07T19:20:05+00:00","og_image":[{"width":2200,"height":1467,"url":"https:\/\/leschocolatsdechloe.com\/app\/uploads\/2021\/01\/Chloe_Halloween-3-1.jpg","type":"image\/jpeg"}],"twitter_card":"summary_large_image","twitter_site":"@chocolatschloe","twitter_misc":{"Est. reading time":"1 minute"},"schema":{"@context":"https:\/\/schema.org","@graph":[{"@type":"WebPage","@id":"https:\/\/leschocolatsdechloe.com\/en\/product\/big-chocolate-skull-in-a-box","url":"https:\/\/leschocolatsdechloe.com\/en\/product\/big-chocolate-skull-in-a-box","name":"Big chocolate skull in a box - Les chocolats de Chlo\u00e9","isPartOf":{"@id":"https:\/\/leschocolatsdechloe.com\/#website"},"primaryImageOfPage":{"@id":"https:\/\/leschocolatsdechloe.com\/en\/product\/big-chocolate-skull-in-a-box#primaryimage"},"image":{"@id":"https:\/\/leschocolatsdechloe.com\/en\/product\/big-chocolate-skull-in-a-box#primaryimage"},"thumbnailUrl":"https:\/\/leschocolatsdechloe.com\/app\/uploads\/2021\/01\/Chloe_Halloween-3-1.jpg","datePublished":"2015-10-20T19:28:47+00:00","dateModified":"2022-03-07T19:20:05+00:00","breadcrumb":{"@id":"https:\/\/leschocolatsdechloe.com\/en\/product\/big-chocolate-skull-in-a-box#breadcrumb"},"inLanguage":"en-CA","potentialAction":[{"@type":"ReadAction","target":["https:\/\/leschocolatsdechloe.com\/en\/product\/big-chocolate-skull-in-a-box"]}]},{"@type":"ImageObject","inLanguage":"en-CA","@id":"https:\/\/leschocolatsdechloe.com\/en\/product\/big-chocolate-skull-in-a-box#primaryimage","url":"https:\/\/leschocolatsdechloe.com\/app\/uploads\/2021\/01\/Chloe_Halloween-3-1.jpg","contentUrl":"https:\/\/leschocolatsdechloe.com\/app\/uploads\/2021\/01\/Chloe_Halloween-3-1.jpg","width":2200,"height":1467,"caption":"Halloween - Gros cr\u00e2nes en chocolat"},{"@type":"BreadcrumbList","@id":"https:\/\/leschocolatsdechloe.com\/en\/product\/big-chocolate-skull-in-a-box#breadcrumb","itemListElement":[{"@type":"ListItem","position":1,"name":"Accueil","item":"https:\/\/leschocolatsdechloe.com\/en"},{"@type":"ListItem","position":2,"name":"Our products","item":"https:\/\/leschocolatsdechloe.com\/en\/products"},{"@type":"ListItem","position":3,"name":"Big chocolate skull in a box"}]},{"@type":"WebSite","@id":"https:\/\/leschocolatsdechloe.com\/#website","url":"https:\/\/leschocolatsdechloe.com\/","name":"Les chocolats de Chlo\u00e9","description":"Passionn\u00e9ment cuisin\u00e9s comme \u00e0 la maison","publisher":{"@id":"https:\/\/leschocolatsdechloe.com\/#organization"},"potentialAction":[{"@type":"SearchAction","target":{"@type":"EntryPoint","urlTemplate":"https:\/\/leschocolatsdechloe.com\/?s={search_term_string}"},"query-input":{"@type":"PropertyValueSpecification","valueRequired":true,"valueName":"search_term_string"}}],"inLanguage":"en-CA"},{"@type":"Organization","@id":"https:\/\/leschocolatsdechloe.com\/#organization","name":"Les chocolats de Chlo\u00e9","url":"https:\/\/leschocolatsdechloe.com\/","logo":{"@type":"ImageObject","inLanguage":"en-CA","@id":"https:\/\/leschocolatsdechloe.com\/#\/schema\/logo\/image\/","url":"\/app\/uploads\/2021\/01\/logo-les-chocolats-de-chloe-3.png","contentUrl":"\/app\/uploads\/2021\/01\/logo-les-chocolats-de-chloe-3.png","width":228,"height":93,"caption":"Les chocolats de Chlo\u00e9"},"image":{"@id":"https:\/\/leschocolatsdechloe.com\/#\/schema\/logo\/image\/"},"sameAs":["https:\/\/www.facebook.com\/Les-chocolats-de-Chlo\u00e9-284199728275695\/","https:\/\/x.com\/chocolatschloe","https:\/\/www.instagram.com\/chocolatsdechloe\/"]}]}},"_links":{"self":[{"href":"https:\/\/leschocolatsdechloe.com\/en\/wp-json\/wp\/v2\/product\/7380","targetHints":{"allow":["GET"]}}],"collection":[{"href":"https:\/\/leschocolatsdechloe.com\/en\/wp-json\/wp\/v2\/product"}],"about":[{"href":"https:\/\/leschocolatsdechloe.com\/en\/wp-json\/wp\/v2\/types\/product"}],"wp:featuredmedia":[{"embeddable":true,"href":"https:\/\/leschocolatsdechloe.com\/en\/wp-json\/wp\/v2\/media\/4572"}],"wp:attachment":[{"href":"https:\/\/leschocolatsdechloe.com\/en\/wp-json\/wp\/v2\/media?parent=7380"}],"wp:term":[{"taxonomy":"product_brand","embeddable":true,"href":"https:\/\/leschocolatsdechloe.com\/en\/wp-json\/wp\/v2\/product_brand?post=7380"},{"taxonomy":"product_cat","embeddable":true,"href":"https:\/\/leschocolatsdechloe.com\/en\/wp-json\/wp\/v2\/product_cat?post=7380"},{"taxonomy":"product_tag","embeddable":true,"href":"https:\/\/leschocolatsdechloe.com\/en\/wp-json\/wp\/v2\/product_tag?post=7380"}],"curies":[{"name":"wp","href":"https:\/\/api.w.org\/{rel}","templated":true}]}}