{"id":7514,"date":"2016-02-12T16:00:18","date_gmt":"2016-02-12T21:00:18","guid":{"rendered":"https:\/\/leschocolatsdechloe.com\/shop\/uncategorized\/coffret-de-tablettes"},"modified":"2026-04-10T09:44:15","modified_gmt":"2026-04-10T14:44:15","slug":"coffret-de-tablettes","status":"publish","type":"product","link":"https:\/\/leschocolatsdechloe.com\/en\/product\/coffret-de-tablettes","title":{"rendered":"Chocolate bars boxset"},"content":{"rendered":"<p>One chocolate bar is never enough. Make your ideal selection of 6 bars, we\u2019ll put them in a pretty box set perfect for a gift to a friend, a loved one, or yourself, and you\u2019ll save 3$ off the regular price.<\/p>\n","protected":false},"excerpt":{"rendered":"<p>One chocolate bar is never enough. Make your ideal selection of 6 bars, we\u2019ll put them in a pretty box set perfect for a gift to a friend, a loved one, or yourself, and you\u2019ll save 3$ off the regular price.<\/p>\n","protected":false},"featured_media":4745,"template":"","meta":{"_acf_changed":false},"product_brand":[],"product_cat":[74,97],"product_tag":[],"class_list":{"0":"post-7514","1":"product","2":"type-product","3":"status-publish","4":"has-post-thumbnail","6":"product_cat-bars","7":"product_cat-boxset","9":"first","10":"instock","11":"taxable","12":"shipping-taxable","13":"purchasable","14":"product-type-mix-and-match"},"acf":[],"yoast_head":"<!-- This site is optimized with the Yoast SEO plugin v26.9 - https:\/\/yoast.com\/product\/yoast-seo-wordpress\/ -->\n<title>Chocolate bars boxset - Les chocolats de Chlo\u00e9<\/title>\n<meta name=\"robots\" content=\"index, follow, max-snippet:-1, max-image-preview:large, max-video-preview:-1\" \/>\n<link rel=\"canonical\" href=\"https:\/\/leschocolatsdechloe.com\/en\/product\/coffret-de-tablettes\" \/>\n<meta property=\"og:locale\" content=\"en_US\" \/>\n<meta property=\"og:type\" content=\"article\" \/>\n<meta property=\"og:title\" content=\"Chocolate bars boxset - Les chocolats de Chlo\u00e9\" \/>\n<meta property=\"og:description\" content=\"One chocolate bar is never enough. Make your ideal selection of 6 bars, we\u2019ll put them in a pretty box set perfect for a gift to a friend, a loved one, or yourself, and you\u2019ll save 3$ off the regular price.\" \/>\n<meta property=\"og:url\" content=\"https:\/\/leschocolatsdechloe.com\/en\/product\/coffret-de-tablettes\" \/>\n<meta property=\"og:site_name\" content=\"Les chocolats de Chlo\u00e9\" \/>\n<meta property=\"article:publisher\" content=\"https:\/\/www.facebook.com\/Les-chocolats-de-Chlo%c3%a9-284199728275695\/\" \/>\n<meta property=\"article:modified_time\" content=\"2026-04-10T14:44:15+00:00\" \/>\n<meta property=\"og:image\" content=\"https:\/\/leschocolatsdechloe.com\/app\/uploads\/2021\/01\/coffret-tablettes_facebook1-1.jpg\" \/>\n\t<meta property=\"og:image:width\" content=\"1280\" \/>\n\t<meta property=\"og:image:height\" content=\"720\" \/>\n\t<meta property=\"og:image:type\" content=\"image\/jpeg\" \/>\n<meta name=\"twitter:card\" content=\"summary_large_image\" \/>\n<meta name=\"twitter:site\" content=\"@chocolatschloe\" \/>\n<script type=\"application\/ld+json\" class=\"yoast-schema-graph\">{\"@context\":\"https:\/\/schema.org\",\"@graph\":[{\"@type\":\"WebPage\",\"@id\":\"https:\/\/leschocolatsdechloe.com\/en\/product\/coffret-de-tablettes\",\"url\":\"https:\/\/leschocolatsdechloe.com\/en\/product\/coffret-de-tablettes\",\"name\":\"Chocolate bars boxset - Les chocolats de Chlo\u00e9\",\"isPartOf\":{\"@id\":\"https:\/\/leschocolatsdechloe.com\/#website\"},\"primaryImageOfPage\":{\"@id\":\"https:\/\/leschocolatsdechloe.com\/en\/product\/coffret-de-tablettes#primaryimage\"},\"image\":{\"@id\":\"https:\/\/leschocolatsdechloe.com\/en\/product\/coffret-de-tablettes#primaryimage\"},\"thumbnailUrl\":\"https:\/\/leschocolatsdechloe.com\/app\/uploads\/2021\/01\/coffret-tablettes_facebook1-1.jpg\",\"datePublished\":\"2016-02-12T21:00:18+00:00\",\"dateModified\":\"2026-04-10T14:44:15+00:00\",\"breadcrumb\":{\"@id\":\"https:\/\/leschocolatsdechloe.com\/en\/product\/coffret-de-tablettes#breadcrumb\"},\"inLanguage\":\"en-CA\",\"potentialAction\":[{\"@type\":\"ReadAction\",\"target\":[\"https:\/\/leschocolatsdechloe.com\/en\/product\/coffret-de-tablettes\"]}]},{\"@type\":\"ImageObject\",\"inLanguage\":\"en-CA\",\"@id\":\"https:\/\/leschocolatsdechloe.com\/en\/product\/coffret-de-tablettes#primaryimage\",\"url\":\"https:\/\/leschocolatsdechloe.com\/app\/uploads\/2021\/01\/coffret-tablettes_facebook1-1.jpg\",\"contentUrl\":\"https:\/\/leschocolatsdechloe.com\/app\/uploads\/2021\/01\/coffret-tablettes_facebook1-1.jpg\",\"width\":1280,\"height\":720,\"caption\":\"Coffret de 6 tablettes\"},{\"@type\":\"BreadcrumbList\",\"@id\":\"https:\/\/leschocolatsdechloe.com\/en\/product\/coffret-de-tablettes#breadcrumb\",\"itemListElement\":[{\"@type\":\"ListItem\",\"position\":1,\"name\":\"Accueil\",\"item\":\"https:\/\/leschocolatsdechloe.com\/en\"},{\"@type\":\"ListItem\",\"position\":2,\"name\":\"Our products\",\"item\":\"https:\/\/leschocolatsdechloe.com\/en\/products\"},{\"@type\":\"ListItem\",\"position\":3,\"name\":\"Chocolate bars boxset\"}]},{\"@type\":\"WebSite\",\"@id\":\"https:\/\/leschocolatsdechloe.com\/#website\",\"url\":\"https:\/\/leschocolatsdechloe.com\/\",\"name\":\"Les chocolats de Chlo\u00e9\",\"description\":\"Passionn\u00e9ment cuisin\u00e9s comme \u00e0 la maison\",\"publisher\":{\"@id\":\"https:\/\/leschocolatsdechloe.com\/#organization\"},\"potentialAction\":[{\"@type\":\"SearchAction\",\"target\":{\"@type\":\"EntryPoint\",\"urlTemplate\":\"https:\/\/leschocolatsdechloe.com\/?s={search_term_string}\"},\"query-input\":{\"@type\":\"PropertyValueSpecification\",\"valueRequired\":true,\"valueName\":\"search_term_string\"}}],\"inLanguage\":\"en-CA\"},{\"@type\":\"Organization\",\"@id\":\"https:\/\/leschocolatsdechloe.com\/#organization\",\"name\":\"Les chocolats de Chlo\u00e9\",\"url\":\"https:\/\/leschocolatsdechloe.com\/\",\"logo\":{\"@type\":\"ImageObject\",\"inLanguage\":\"en-CA\",\"@id\":\"https:\/\/leschocolatsdechloe.com\/#\/schema\/logo\/image\/\",\"url\":\"\/app\/uploads\/2021\/01\/logo-les-chocolats-de-chloe-3.png\",\"contentUrl\":\"\/app\/uploads\/2021\/01\/logo-les-chocolats-de-chloe-3.png\",\"width\":228,\"height\":93,\"caption\":\"Les chocolats de Chlo\u00e9\"},\"image\":{\"@id\":\"https:\/\/leschocolatsdechloe.com\/#\/schema\/logo\/image\/\"},\"sameAs\":[\"https:\/\/www.facebook.com\/Les-chocolats-de-Chlo\u00e9-284199728275695\/\",\"https:\/\/x.com\/chocolatschloe\",\"https:\/\/www.instagram.com\/chocolatsdechloe\/\"]}]}<\/script>\n<!-- \/ Yoast SEO plugin. -->","yoast_head_json":{"title":"Chocolate bars boxset - Les chocolats de Chlo\u00e9","robots":{"index":"index","follow":"follow","max-snippet":"max-snippet:-1","max-image-preview":"max-image-preview:large","max-video-preview":"max-video-preview:-1"},"canonical":"https:\/\/leschocolatsdechloe.com\/en\/product\/coffret-de-tablettes","og_locale":"en_US","og_type":"article","og_title":"Chocolate bars boxset - Les chocolats de Chlo\u00e9","og_description":"One chocolate bar is never enough. Make your ideal selection of 6 bars, we\u2019ll put them in a pretty box set perfect for a gift to a friend, a loved one, or yourself, and you\u2019ll save 3$ off the regular price.","og_url":"https:\/\/leschocolatsdechloe.com\/en\/product\/coffret-de-tablettes","og_site_name":"Les chocolats de Chlo\u00e9","article_publisher":"https:\/\/www.facebook.com\/Les-chocolats-de-Chlo%c3%a9-284199728275695\/","article_modified_time":"2026-04-10T14:44:15+00:00","og_image":[{"width":1280,"height":720,"url":"https:\/\/leschocolatsdechloe.com\/app\/uploads\/2021\/01\/coffret-tablettes_facebook1-1.jpg","type":"image\/jpeg"}],"twitter_card":"summary_large_image","twitter_site":"@chocolatschloe","schema":{"@context":"https:\/\/schema.org","@graph":[{"@type":"WebPage","@id":"https:\/\/leschocolatsdechloe.com\/en\/product\/coffret-de-tablettes","url":"https:\/\/leschocolatsdechloe.com\/en\/product\/coffret-de-tablettes","name":"Chocolate bars boxset - Les chocolats de Chlo\u00e9","isPartOf":{"@id":"https:\/\/leschocolatsdechloe.com\/#website"},"primaryImageOfPage":{"@id":"https:\/\/leschocolatsdechloe.com\/en\/product\/coffret-de-tablettes#primaryimage"},"image":{"@id":"https:\/\/leschocolatsdechloe.com\/en\/product\/coffret-de-tablettes#primaryimage"},"thumbnailUrl":"https:\/\/leschocolatsdechloe.com\/app\/uploads\/2021\/01\/coffret-tablettes_facebook1-1.jpg","datePublished":"2016-02-12T21:00:18+00:00","dateModified":"2026-04-10T14:44:15+00:00","breadcrumb":{"@id":"https:\/\/leschocolatsdechloe.com\/en\/product\/coffret-de-tablettes#breadcrumb"},"inLanguage":"en-CA","potentialAction":[{"@type":"ReadAction","target":["https:\/\/leschocolatsdechloe.com\/en\/product\/coffret-de-tablettes"]}]},{"@type":"ImageObject","inLanguage":"en-CA","@id":"https:\/\/leschocolatsdechloe.com\/en\/product\/coffret-de-tablettes#primaryimage","url":"https:\/\/leschocolatsdechloe.com\/app\/uploads\/2021\/01\/coffret-tablettes_facebook1-1.jpg","contentUrl":"https:\/\/leschocolatsdechloe.com\/app\/uploads\/2021\/01\/coffret-tablettes_facebook1-1.jpg","width":1280,"height":720,"caption":"Coffret de 6 tablettes"},{"@type":"BreadcrumbList","@id":"https:\/\/leschocolatsdechloe.com\/en\/product\/coffret-de-tablettes#breadcrumb","itemListElement":[{"@type":"ListItem","position":1,"name":"Accueil","item":"https:\/\/leschocolatsdechloe.com\/en"},{"@type":"ListItem","position":2,"name":"Our products","item":"https:\/\/leschocolatsdechloe.com\/en\/products"},{"@type":"ListItem","position":3,"name":"Chocolate bars boxset"}]},{"@type":"WebSite","@id":"https:\/\/leschocolatsdechloe.com\/#website","url":"https:\/\/leschocolatsdechloe.com\/","name":"Les chocolats de Chlo\u00e9","description":"Passionn\u00e9ment cuisin\u00e9s comme \u00e0 la maison","publisher":{"@id":"https:\/\/leschocolatsdechloe.com\/#organization"},"potentialAction":[{"@type":"SearchAction","target":{"@type":"EntryPoint","urlTemplate":"https:\/\/leschocolatsdechloe.com\/?s={search_term_string}"},"query-input":{"@type":"PropertyValueSpecification","valueRequired":true,"valueName":"search_term_string"}}],"inLanguage":"en-CA"},{"@type":"Organization","@id":"https:\/\/leschocolatsdechloe.com\/#organization","name":"Les chocolats de Chlo\u00e9","url":"https:\/\/leschocolatsdechloe.com\/","logo":{"@type":"ImageObject","inLanguage":"en-CA","@id":"https:\/\/leschocolatsdechloe.com\/#\/schema\/logo\/image\/","url":"\/app\/uploads\/2021\/01\/logo-les-chocolats-de-chloe-3.png","contentUrl":"\/app\/uploads\/2021\/01\/logo-les-chocolats-de-chloe-3.png","width":228,"height":93,"caption":"Les chocolats de Chlo\u00e9"},"image":{"@id":"https:\/\/leschocolatsdechloe.com\/#\/schema\/logo\/image\/"},"sameAs":["https:\/\/www.facebook.com\/Les-chocolats-de-Chlo\u00e9-284199728275695\/","https:\/\/x.com\/chocolatschloe","https:\/\/www.instagram.com\/chocolatsdechloe\/"]}]}},"_links":{"self":[{"href":"https:\/\/leschocolatsdechloe.com\/en\/wp-json\/wp\/v2\/product\/7514","targetHints":{"allow":["GET"]}}],"collection":[{"href":"https:\/\/leschocolatsdechloe.com\/en\/wp-json\/wp\/v2\/product"}],"about":[{"href":"https:\/\/leschocolatsdechloe.com\/en\/wp-json\/wp\/v2\/types\/product"}],"wp:featuredmedia":[{"embeddable":true,"href":"https:\/\/leschocolatsdechloe.com\/en\/wp-json\/wp\/v2\/media\/4745"}],"wp:attachment":[{"href":"https:\/\/leschocolatsdechloe.com\/en\/wp-json\/wp\/v2\/media?parent=7514"}],"wp:term":[{"taxonomy":"product_brand","embeddable":true,"href":"https:\/\/leschocolatsdechloe.com\/en\/wp-json\/wp\/v2\/product_brand?post=7514"},{"taxonomy":"product_cat","embeddable":true,"href":"https:\/\/leschocolatsdechloe.com\/en\/wp-json\/wp\/v2\/product_cat?post=7514"},{"taxonomy":"product_tag","embeddable":true,"href":"https:\/\/leschocolatsdechloe.com\/en\/wp-json\/wp\/v2\/product_tag?post=7514"}],"curies":[{"name":"wp","href":"https:\/\/api.w.org\/{rel}","templated":true}]}}