{"id":7538,"date":"2018-03-11T18:16:49","date_gmt":"2018-03-11T23:16:49","guid":{"rendered":"https:\/\/leschocolatsdechloe.com\/shop\/uncategorized\/demi-douzaine-doeufs-mouchetes"},"modified":"2025-04-14T11:19:21","modified_gmt":"2025-04-14T16:19:21","slug":"demi-douzaine-doeufs-mouchetes","status":"publish","type":"product","link":"https:\/\/leschocolatsdechloe.com\/en\/product\/demi-douzaine-doeufs-mouchetes","title":{"rendered":"Demi-douzaine d\u2019\u0153ufs mouchet\u00e9s"},"content":{"rendered":"<p>Il y a en pour tous les go\u00fbts. Deux \u0153ufs au chocolat noir, deux au chocolat au lait, un en chocolat blond et un blanc. Chacun avec un b\u00e9b\u00e9 \u0153uf \u00e0 l\u2019int\u00e9rieur. Vous n\u2019en ferez pas une omelette c\u2019est certain.<\/p>\n<p>100g &#8211; Paquet de 6<\/p>\n","protected":false},"excerpt":{"rendered":"<p>Il y a en pour tous les go\u00fbts. Deux \u0153ufs au chocolat noir, deux au chocolat au lait, un en chocolat blond et un blanc. Chacun avec un b\u00e9b\u00e9 \u0153uf \u00e0 l\u2019int\u00e9rieur. Vous n\u2019en ferez pas une omelette c\u2019est certain. 100g &#8211; Paquet de 6<\/p>\n","protected":false},"featured_media":4805,"template":"","meta":{"_acf_changed":false},"product_brand":[],"product_cat":[98,78],"product_tag":[],"class_list":{"0":"post-7538","1":"product","2":"type-product","3":"status-publish","4":"has-post-thumbnail","6":"product_cat-easter","7":"product_cat-seasonal","9":"first","10":"outofstock","11":"taxable","12":"shipping-taxable","13":"purchasable","14":"product-type-simple"},"acf":[],"yoast_head":"<!-- This site is optimized with the Yoast SEO plugin v26.9 - https:\/\/yoast.com\/product\/yoast-seo-wordpress\/ -->\n<title>Demi-douzaine d\u2019\u0153ufs mouchet\u00e9s - Les chocolats de Chlo\u00e9<\/title>\n<meta name=\"robots\" content=\"index, follow, max-snippet:-1, max-image-preview:large, max-video-preview:-1\" \/>\n<link rel=\"canonical\" href=\"https:\/\/leschocolatsdechloe.com\/produit\/demi-douzaine-doeufs-mouchetes\" \/>\n<meta property=\"og:locale\" content=\"en_US\" \/>\n<meta property=\"og:type\" content=\"article\" \/>\n<meta property=\"og:title\" content=\"Demi-douzaine d\u2019\u0153ufs mouchet\u00e9s - Les chocolats de Chlo\u00e9\" \/>\n<meta property=\"og:description\" content=\"Il y a en pour tous les go\u00fbts. Deux \u0153ufs au chocolat noir, deux au chocolat au lait, un en chocolat blond et un blanc. Chacun avec un b\u00e9b\u00e9 \u0153uf \u00e0 l\u2019int\u00e9rieur. Vous n\u2019en ferez pas une omelette c\u2019est certain. 100g &#8211; Paquet de 6\" \/>\n<meta property=\"og:url\" content=\"https:\/\/leschocolatsdechloe.com\/produit\/demi-douzaine-doeufs-mouchetes\" \/>\n<meta property=\"og:site_name\" content=\"Les chocolats de Chlo\u00e9\" \/>\n<meta property=\"article:publisher\" content=\"https:\/\/www.facebook.com\/Les-chocolats-de-Chlo%c3%a9-284199728275695\/\" \/>\n<meta property=\"article:modified_time\" content=\"2025-04-14T16:19:21+00:00\" \/>\n<meta property=\"og:image\" content=\"https:\/\/leschocolatsdechloe.com\/app\/uploads\/2021\/01\/Chloe-Paques_002-e1521230080270-1.jpg\" \/>\n\t<meta property=\"og:image:width\" content=\"500\" \/>\n\t<meta property=\"og:image:height\" content=\"500\" \/>\n\t<meta property=\"og:image:type\" content=\"image\/jpeg\" \/>\n<meta name=\"twitter:card\" content=\"summary_large_image\" \/>\n<meta name=\"twitter:site\" content=\"@chocolatschloe\" \/>\n<script type=\"application\/ld+json\" class=\"yoast-schema-graph\">{\"@context\":\"https:\/\/schema.org\",\"@graph\":[{\"@type\":\"WebPage\",\"@id\":\"https:\/\/leschocolatsdechloe.com\/produit\/demi-douzaine-doeufs-mouchetes\",\"url\":\"https:\/\/leschocolatsdechloe.com\/produit\/demi-douzaine-doeufs-mouchetes\",\"name\":\"Demi-douzaine d\u2019\u0153ufs mouchet\u00e9s - Les chocolats de Chlo\u00e9\",\"isPartOf\":{\"@id\":\"https:\/\/leschocolatsdechloe.com\/#website\"},\"primaryImageOfPage\":{\"@id\":\"https:\/\/leschocolatsdechloe.com\/produit\/demi-douzaine-doeufs-mouchetes#primaryimage\"},\"image\":{\"@id\":\"https:\/\/leschocolatsdechloe.com\/produit\/demi-douzaine-doeufs-mouchetes#primaryimage\"},\"thumbnailUrl\":\"https:\/\/leschocolatsdechloe.com\/app\/uploads\/2021\/01\/Chloe-Paques_002-e1521230080270-1.jpg\",\"datePublished\":\"2018-03-11T23:16:49+00:00\",\"dateModified\":\"2025-04-14T16:19:21+00:00\",\"breadcrumb\":{\"@id\":\"https:\/\/leschocolatsdechloe.com\/produit\/demi-douzaine-doeufs-mouchetes#breadcrumb\"},\"inLanguage\":\"en-CA\",\"potentialAction\":[{\"@type\":\"ReadAction\",\"target\":[\"https:\/\/leschocolatsdechloe.com\/produit\/demi-douzaine-doeufs-mouchetes\"]}]},{\"@type\":\"ImageObject\",\"inLanguage\":\"en-CA\",\"@id\":\"https:\/\/leschocolatsdechloe.com\/produit\/demi-douzaine-doeufs-mouchetes#primaryimage\",\"url\":\"https:\/\/leschocolatsdechloe.com\/app\/uploads\/2021\/01\/Chloe-Paques_002-e1521230080270-1.jpg\",\"contentUrl\":\"https:\/\/leschocolatsdechloe.com\/app\/uploads\/2021\/01\/Chloe-Paques_002-e1521230080270-1.jpg\",\"width\":500,\"height\":500,\"caption\":\"Demi-douzaine d'oeufs mouchet\u00e9s\"},{\"@type\":\"BreadcrumbList\",\"@id\":\"https:\/\/leschocolatsdechloe.com\/produit\/demi-douzaine-doeufs-mouchetes#breadcrumb\",\"itemListElement\":[{\"@type\":\"ListItem\",\"position\":1,\"name\":\"Accueil\",\"item\":\"https:\/\/leschocolatsdechloe.com\/en\"},{\"@type\":\"ListItem\",\"position\":2,\"name\":\"Our products\",\"item\":\"https:\/\/leschocolatsdechloe.com\/en\/products\"},{\"@type\":\"ListItem\",\"position\":3,\"name\":\"Demi-douzaine d\u2019\u0153ufs mouchet\u00e9s\"}]},{\"@type\":\"WebSite\",\"@id\":\"https:\/\/leschocolatsdechloe.com\/#website\",\"url\":\"https:\/\/leschocolatsdechloe.com\/\",\"name\":\"Les chocolats de Chlo\u00e9\",\"description\":\"Passionn\u00e9ment cuisin\u00e9s comme \u00e0 la maison\",\"publisher\":{\"@id\":\"https:\/\/leschocolatsdechloe.com\/#organization\"},\"potentialAction\":[{\"@type\":\"SearchAction\",\"target\":{\"@type\":\"EntryPoint\",\"urlTemplate\":\"https:\/\/leschocolatsdechloe.com\/?s={search_term_string}\"},\"query-input\":{\"@type\":\"PropertyValueSpecification\",\"valueRequired\":true,\"valueName\":\"search_term_string\"}}],\"inLanguage\":\"en-CA\"},{\"@type\":\"Organization\",\"@id\":\"https:\/\/leschocolatsdechloe.com\/#organization\",\"name\":\"Les chocolats de Chlo\u00e9\",\"url\":\"https:\/\/leschocolatsdechloe.com\/\",\"logo\":{\"@type\":\"ImageObject\",\"inLanguage\":\"en-CA\",\"@id\":\"https:\/\/leschocolatsdechloe.com\/#\/schema\/logo\/image\/\",\"url\":\"\/app\/uploads\/2021\/01\/logo-les-chocolats-de-chloe-3.png\",\"contentUrl\":\"\/app\/uploads\/2021\/01\/logo-les-chocolats-de-chloe-3.png\",\"width\":228,\"height\":93,\"caption\":\"Les chocolats de Chlo\u00e9\"},\"image\":{\"@id\":\"https:\/\/leschocolatsdechloe.com\/#\/schema\/logo\/image\/\"},\"sameAs\":[\"https:\/\/www.facebook.com\/Les-chocolats-de-Chlo\u00e9-284199728275695\/\",\"https:\/\/x.com\/chocolatschloe\",\"https:\/\/www.instagram.com\/chocolatsdechloe\/\"]}]}<\/script>\n<!-- \/ Yoast SEO plugin. -->","yoast_head_json":{"title":"Demi-douzaine d\u2019\u0153ufs mouchet\u00e9s - Les chocolats de Chlo\u00e9","robots":{"index":"index","follow":"follow","max-snippet":"max-snippet:-1","max-image-preview":"max-image-preview:large","max-video-preview":"max-video-preview:-1"},"canonical":"https:\/\/leschocolatsdechloe.com\/produit\/demi-douzaine-doeufs-mouchetes","og_locale":"en_US","og_type":"article","og_title":"Demi-douzaine d\u2019\u0153ufs mouchet\u00e9s - Les chocolats de Chlo\u00e9","og_description":"Il y a en pour tous les go\u00fbts. Deux \u0153ufs au chocolat noir, deux au chocolat au lait, un en chocolat blond et un blanc. Chacun avec un b\u00e9b\u00e9 \u0153uf \u00e0 l\u2019int\u00e9rieur. Vous n\u2019en ferez pas une omelette c\u2019est certain. 100g &#8211; Paquet de 6","og_url":"https:\/\/leschocolatsdechloe.com\/produit\/demi-douzaine-doeufs-mouchetes","og_site_name":"Les chocolats de Chlo\u00e9","article_publisher":"https:\/\/www.facebook.com\/Les-chocolats-de-Chlo%c3%a9-284199728275695\/","article_modified_time":"2025-04-14T16:19:21+00:00","og_image":[{"width":500,"height":500,"url":"https:\/\/leschocolatsdechloe.com\/app\/uploads\/2021\/01\/Chloe-Paques_002-e1521230080270-1.jpg","type":"image\/jpeg"}],"twitter_card":"summary_large_image","twitter_site":"@chocolatschloe","schema":{"@context":"https:\/\/schema.org","@graph":[{"@type":"WebPage","@id":"https:\/\/leschocolatsdechloe.com\/produit\/demi-douzaine-doeufs-mouchetes","url":"https:\/\/leschocolatsdechloe.com\/produit\/demi-douzaine-doeufs-mouchetes","name":"Demi-douzaine d\u2019\u0153ufs mouchet\u00e9s - Les chocolats de Chlo\u00e9","isPartOf":{"@id":"https:\/\/leschocolatsdechloe.com\/#website"},"primaryImageOfPage":{"@id":"https:\/\/leschocolatsdechloe.com\/produit\/demi-douzaine-doeufs-mouchetes#primaryimage"},"image":{"@id":"https:\/\/leschocolatsdechloe.com\/produit\/demi-douzaine-doeufs-mouchetes#primaryimage"},"thumbnailUrl":"https:\/\/leschocolatsdechloe.com\/app\/uploads\/2021\/01\/Chloe-Paques_002-e1521230080270-1.jpg","datePublished":"2018-03-11T23:16:49+00:00","dateModified":"2025-04-14T16:19:21+00:00","breadcrumb":{"@id":"https:\/\/leschocolatsdechloe.com\/produit\/demi-douzaine-doeufs-mouchetes#breadcrumb"},"inLanguage":"en-CA","potentialAction":[{"@type":"ReadAction","target":["https:\/\/leschocolatsdechloe.com\/produit\/demi-douzaine-doeufs-mouchetes"]}]},{"@type":"ImageObject","inLanguage":"en-CA","@id":"https:\/\/leschocolatsdechloe.com\/produit\/demi-douzaine-doeufs-mouchetes#primaryimage","url":"https:\/\/leschocolatsdechloe.com\/app\/uploads\/2021\/01\/Chloe-Paques_002-e1521230080270-1.jpg","contentUrl":"https:\/\/leschocolatsdechloe.com\/app\/uploads\/2021\/01\/Chloe-Paques_002-e1521230080270-1.jpg","width":500,"height":500,"caption":"Demi-douzaine d'oeufs mouchet\u00e9s"},{"@type":"BreadcrumbList","@id":"https:\/\/leschocolatsdechloe.com\/produit\/demi-douzaine-doeufs-mouchetes#breadcrumb","itemListElement":[{"@type":"ListItem","position":1,"name":"Accueil","item":"https:\/\/leschocolatsdechloe.com\/en"},{"@type":"ListItem","position":2,"name":"Our products","item":"https:\/\/leschocolatsdechloe.com\/en\/products"},{"@type":"ListItem","position":3,"name":"Demi-douzaine d\u2019\u0153ufs mouchet\u00e9s"}]},{"@type":"WebSite","@id":"https:\/\/leschocolatsdechloe.com\/#website","url":"https:\/\/leschocolatsdechloe.com\/","name":"Les chocolats de Chlo\u00e9","description":"Passionn\u00e9ment cuisin\u00e9s comme \u00e0 la maison","publisher":{"@id":"https:\/\/leschocolatsdechloe.com\/#organization"},"potentialAction":[{"@type":"SearchAction","target":{"@type":"EntryPoint","urlTemplate":"https:\/\/leschocolatsdechloe.com\/?s={search_term_string}"},"query-input":{"@type":"PropertyValueSpecification","valueRequired":true,"valueName":"search_term_string"}}],"inLanguage":"en-CA"},{"@type":"Organization","@id":"https:\/\/leschocolatsdechloe.com\/#organization","name":"Les chocolats de Chlo\u00e9","url":"https:\/\/leschocolatsdechloe.com\/","logo":{"@type":"ImageObject","inLanguage":"en-CA","@id":"https:\/\/leschocolatsdechloe.com\/#\/schema\/logo\/image\/","url":"\/app\/uploads\/2021\/01\/logo-les-chocolats-de-chloe-3.png","contentUrl":"\/app\/uploads\/2021\/01\/logo-les-chocolats-de-chloe-3.png","width":228,"height":93,"caption":"Les chocolats de Chlo\u00e9"},"image":{"@id":"https:\/\/leschocolatsdechloe.com\/#\/schema\/logo\/image\/"},"sameAs":["https:\/\/www.facebook.com\/Les-chocolats-de-Chlo\u00e9-284199728275695\/","https:\/\/x.com\/chocolatschloe","https:\/\/www.instagram.com\/chocolatsdechloe\/"]}]}},"_links":{"self":[{"href":"https:\/\/leschocolatsdechloe.com\/en\/wp-json\/wp\/v2\/product\/7538","targetHints":{"allow":["GET"]}}],"collection":[{"href":"https:\/\/leschocolatsdechloe.com\/en\/wp-json\/wp\/v2\/product"}],"about":[{"href":"https:\/\/leschocolatsdechloe.com\/en\/wp-json\/wp\/v2\/types\/product"}],"wp:featuredmedia":[{"embeddable":true,"href":"https:\/\/leschocolatsdechloe.com\/en\/wp-json\/wp\/v2\/media\/4805"}],"wp:attachment":[{"href":"https:\/\/leschocolatsdechloe.com\/en\/wp-json\/wp\/v2\/media?parent=7538"}],"wp:term":[{"taxonomy":"product_brand","embeddable":true,"href":"https:\/\/leschocolatsdechloe.com\/en\/wp-json\/wp\/v2\/product_brand?post=7538"},{"taxonomy":"product_cat","embeddable":true,"href":"https:\/\/leschocolatsdechloe.com\/en\/wp-json\/wp\/v2\/product_cat?post=7538"},{"taxonomy":"product_tag","embeddable":true,"href":"https:\/\/leschocolatsdechloe.com\/en\/wp-json\/wp\/v2\/product_tag?post=7538"}],"curies":[{"name":"wp","href":"https:\/\/api.w.org\/{rel}","templated":true}]}}