{"id":7651,"date":"2016-07-11T21:33:20","date_gmt":"2016-07-12T02:33:20","guid":{"rendered":"https:\/\/leschocolatsdechloe.com\/shop\/uncategorized\/drinking-chocolate-with-mint"},"modified":"2022-03-19T11:55:19","modified_gmt":"2022-03-19T16:55:19","slug":"drinking-chocolate-with-mint","status":"publish","type":"product","link":"https:\/\/leschocolatsdechloe.com\/en\/product\/drinking-chocolate-with-mint","title":{"rendered":"Drinking chocolate with mint"},"content":{"rendered":"<p>A comforting mix of cocoa powder, organic cane sugar, chocolate, and mint. Just warm with milk and\/or cream. A hot chocolate that will warm you up!<\/p>\n","protected":false},"excerpt":{"rendered":"<p>A comforting mix of cocoa powder, organic cane sugar, chocolate, and mint. Just warm with milk and\/or cream. A hot chocolate that will warm you up!<\/p>\n","protected":false},"featured_media":4917,"template":"","meta":{"_acf_changed":false},"product_brand":[],"product_cat":[72],"product_tag":[],"class_list":{"0":"post-7651","1":"product","2":"type-product","3":"status-publish","4":"has-post-thumbnail","6":"product_cat-cooking","8":"first","9":"instock","10":"purchasable","11":"product-type-variable"},"acf":[],"yoast_head":"<!-- This site is optimized with the Yoast SEO plugin v26.9 - https:\/\/yoast.com\/product\/yoast-seo-wordpress\/ -->\n<title>Drinking chocolate with mint - Les chocolats de Chlo\u00e9<\/title>\n<meta name=\"robots\" content=\"index, follow, max-snippet:-1, max-image-preview:large, max-video-preview:-1\" \/>\n<link rel=\"canonical\" href=\"https:\/\/leschocolatsdechloe.com\/en\/product\/drinking-chocolate-with-mint\" \/>\n<meta property=\"og:locale\" content=\"en_US\" \/>\n<meta property=\"og:type\" content=\"article\" \/>\n<meta property=\"og:title\" content=\"Drinking chocolate with mint - Les chocolats de Chlo\u00e9\" \/>\n<meta property=\"og:description\" content=\"A comforting mix of cocoa powder, organic cane sugar, chocolate, and mint. Just warm with milk and\/or cream. A hot chocolate that will warm you up!\" \/>\n<meta property=\"og:url\" content=\"https:\/\/leschocolatsdechloe.com\/en\/product\/drinking-chocolate-with-mint\" \/>\n<meta property=\"og:site_name\" content=\"Les chocolats de Chlo\u00e9\" \/>\n<meta property=\"article:publisher\" content=\"https:\/\/www.facebook.com\/Les-chocolats-de-Chlo%c3%a9-284199728275695\/\" \/>\n<meta property=\"article:modified_time\" content=\"2022-03-19T16:55:19+00:00\" \/>\n<meta property=\"og:image\" content=\"https:\/\/leschocolatsdechloe.com\/app\/uploads\/2021\/01\/choco-a-boire-menthe_735x1100-1.jpg\" \/>\n\t<meta property=\"og:image:width\" content=\"735\" \/>\n\t<meta property=\"og:image:height\" content=\"1100\" \/>\n\t<meta property=\"og:image:type\" content=\"image\/jpeg\" \/>\n<meta name=\"twitter:card\" content=\"summary_large_image\" \/>\n<meta name=\"twitter:site\" content=\"@chocolatschloe\" \/>\n<script type=\"application\/ld+json\" class=\"yoast-schema-graph\">{\"@context\":\"https:\/\/schema.org\",\"@graph\":[{\"@type\":\"WebPage\",\"@id\":\"https:\/\/leschocolatsdechloe.com\/en\/product\/drinking-chocolate-with-mint\",\"url\":\"https:\/\/leschocolatsdechloe.com\/en\/product\/drinking-chocolate-with-mint\",\"name\":\"Drinking chocolate with mint - Les chocolats de Chlo\u00e9\",\"isPartOf\":{\"@id\":\"https:\/\/leschocolatsdechloe.com\/#website\"},\"primaryImageOfPage\":{\"@id\":\"https:\/\/leschocolatsdechloe.com\/en\/product\/drinking-chocolate-with-mint#primaryimage\"},\"image\":{\"@id\":\"https:\/\/leschocolatsdechloe.com\/en\/product\/drinking-chocolate-with-mint#primaryimage\"},\"thumbnailUrl\":\"https:\/\/leschocolatsdechloe.com\/app\/uploads\/2021\/01\/choco-a-boire-menthe_735x1100-1.jpg\",\"datePublished\":\"2016-07-12T02:33:20+00:00\",\"dateModified\":\"2022-03-19T16:55:19+00:00\",\"breadcrumb\":{\"@id\":\"https:\/\/leschocolatsdechloe.com\/en\/product\/drinking-chocolate-with-mint#breadcrumb\"},\"inLanguage\":\"en-CA\",\"potentialAction\":[{\"@type\":\"ReadAction\",\"target\":[\"https:\/\/leschocolatsdechloe.com\/en\/product\/drinking-chocolate-with-mint\"]}]},{\"@type\":\"ImageObject\",\"inLanguage\":\"en-CA\",\"@id\":\"https:\/\/leschocolatsdechloe.com\/en\/product\/drinking-chocolate-with-mint#primaryimage\",\"url\":\"https:\/\/leschocolatsdechloe.com\/app\/uploads\/2021\/01\/choco-a-boire-menthe_735x1100-1.jpg\",\"contentUrl\":\"https:\/\/leschocolatsdechloe.com\/app\/uploads\/2021\/01\/choco-a-boire-menthe_735x1100-1.jpg\",\"width\":735,\"height\":1100,\"caption\":\"Drinking chocolate with mint\"},{\"@type\":\"BreadcrumbList\",\"@id\":\"https:\/\/leschocolatsdechloe.com\/en\/product\/drinking-chocolate-with-mint#breadcrumb\",\"itemListElement\":[{\"@type\":\"ListItem\",\"position\":1,\"name\":\"Accueil\",\"item\":\"https:\/\/leschocolatsdechloe.com\/en\"},{\"@type\":\"ListItem\",\"position\":2,\"name\":\"Our products\",\"item\":\"https:\/\/leschocolatsdechloe.com\/en\/products\"},{\"@type\":\"ListItem\",\"position\":3,\"name\":\"Drinking chocolate with mint\"}]},{\"@type\":\"WebSite\",\"@id\":\"https:\/\/leschocolatsdechloe.com\/#website\",\"url\":\"https:\/\/leschocolatsdechloe.com\/\",\"name\":\"Les chocolats de Chlo\u00e9\",\"description\":\"Passionn\u00e9ment cuisin\u00e9s comme \u00e0 la maison\",\"publisher\":{\"@id\":\"https:\/\/leschocolatsdechloe.com\/#organization\"},\"potentialAction\":[{\"@type\":\"SearchAction\",\"target\":{\"@type\":\"EntryPoint\",\"urlTemplate\":\"https:\/\/leschocolatsdechloe.com\/?s={search_term_string}\"},\"query-input\":{\"@type\":\"PropertyValueSpecification\",\"valueRequired\":true,\"valueName\":\"search_term_string\"}}],\"inLanguage\":\"en-CA\"},{\"@type\":\"Organization\",\"@id\":\"https:\/\/leschocolatsdechloe.com\/#organization\",\"name\":\"Les chocolats de Chlo\u00e9\",\"url\":\"https:\/\/leschocolatsdechloe.com\/\",\"logo\":{\"@type\":\"ImageObject\",\"inLanguage\":\"en-CA\",\"@id\":\"https:\/\/leschocolatsdechloe.com\/#\/schema\/logo\/image\/\",\"url\":\"\/app\/uploads\/2021\/01\/logo-les-chocolats-de-chloe-3.png\",\"contentUrl\":\"\/app\/uploads\/2021\/01\/logo-les-chocolats-de-chloe-3.png\",\"width\":228,\"height\":93,\"caption\":\"Les chocolats de Chlo\u00e9\"},\"image\":{\"@id\":\"https:\/\/leschocolatsdechloe.com\/#\/schema\/logo\/image\/\"},\"sameAs\":[\"https:\/\/www.facebook.com\/Les-chocolats-de-Chlo\u00e9-284199728275695\/\",\"https:\/\/x.com\/chocolatschloe\",\"https:\/\/www.instagram.com\/chocolatsdechloe\/\"]}]}<\/script>\n<!-- \/ Yoast SEO plugin. -->","yoast_head_json":{"title":"Drinking chocolate with mint - Les chocolats de Chlo\u00e9","robots":{"index":"index","follow":"follow","max-snippet":"max-snippet:-1","max-image-preview":"max-image-preview:large","max-video-preview":"max-video-preview:-1"},"canonical":"https:\/\/leschocolatsdechloe.com\/en\/product\/drinking-chocolate-with-mint","og_locale":"en_US","og_type":"article","og_title":"Drinking chocolate with mint - Les chocolats de Chlo\u00e9","og_description":"A comforting mix of cocoa powder, organic cane sugar, chocolate, and mint. Just warm with milk and\/or cream. A hot chocolate that will warm you up!","og_url":"https:\/\/leschocolatsdechloe.com\/en\/product\/drinking-chocolate-with-mint","og_site_name":"Les chocolats de Chlo\u00e9","article_publisher":"https:\/\/www.facebook.com\/Les-chocolats-de-Chlo%c3%a9-284199728275695\/","article_modified_time":"2022-03-19T16:55:19+00:00","og_image":[{"width":735,"height":1100,"url":"https:\/\/leschocolatsdechloe.com\/app\/uploads\/2021\/01\/choco-a-boire-menthe_735x1100-1.jpg","type":"image\/jpeg"}],"twitter_card":"summary_large_image","twitter_site":"@chocolatschloe","schema":{"@context":"https:\/\/schema.org","@graph":[{"@type":"WebPage","@id":"https:\/\/leschocolatsdechloe.com\/en\/product\/drinking-chocolate-with-mint","url":"https:\/\/leschocolatsdechloe.com\/en\/product\/drinking-chocolate-with-mint","name":"Drinking chocolate with mint - Les chocolats de Chlo\u00e9","isPartOf":{"@id":"https:\/\/leschocolatsdechloe.com\/#website"},"primaryImageOfPage":{"@id":"https:\/\/leschocolatsdechloe.com\/en\/product\/drinking-chocolate-with-mint#primaryimage"},"image":{"@id":"https:\/\/leschocolatsdechloe.com\/en\/product\/drinking-chocolate-with-mint#primaryimage"},"thumbnailUrl":"https:\/\/leschocolatsdechloe.com\/app\/uploads\/2021\/01\/choco-a-boire-menthe_735x1100-1.jpg","datePublished":"2016-07-12T02:33:20+00:00","dateModified":"2022-03-19T16:55:19+00:00","breadcrumb":{"@id":"https:\/\/leschocolatsdechloe.com\/en\/product\/drinking-chocolate-with-mint#breadcrumb"},"inLanguage":"en-CA","potentialAction":[{"@type":"ReadAction","target":["https:\/\/leschocolatsdechloe.com\/en\/product\/drinking-chocolate-with-mint"]}]},{"@type":"ImageObject","inLanguage":"en-CA","@id":"https:\/\/leschocolatsdechloe.com\/en\/product\/drinking-chocolate-with-mint#primaryimage","url":"https:\/\/leschocolatsdechloe.com\/app\/uploads\/2021\/01\/choco-a-boire-menthe_735x1100-1.jpg","contentUrl":"https:\/\/leschocolatsdechloe.com\/app\/uploads\/2021\/01\/choco-a-boire-menthe_735x1100-1.jpg","width":735,"height":1100,"caption":"Drinking chocolate with mint"},{"@type":"BreadcrumbList","@id":"https:\/\/leschocolatsdechloe.com\/en\/product\/drinking-chocolate-with-mint#breadcrumb","itemListElement":[{"@type":"ListItem","position":1,"name":"Accueil","item":"https:\/\/leschocolatsdechloe.com\/en"},{"@type":"ListItem","position":2,"name":"Our products","item":"https:\/\/leschocolatsdechloe.com\/en\/products"},{"@type":"ListItem","position":3,"name":"Drinking chocolate with mint"}]},{"@type":"WebSite","@id":"https:\/\/leschocolatsdechloe.com\/#website","url":"https:\/\/leschocolatsdechloe.com\/","name":"Les chocolats de Chlo\u00e9","description":"Passionn\u00e9ment cuisin\u00e9s comme \u00e0 la maison","publisher":{"@id":"https:\/\/leschocolatsdechloe.com\/#organization"},"potentialAction":[{"@type":"SearchAction","target":{"@type":"EntryPoint","urlTemplate":"https:\/\/leschocolatsdechloe.com\/?s={search_term_string}"},"query-input":{"@type":"PropertyValueSpecification","valueRequired":true,"valueName":"search_term_string"}}],"inLanguage":"en-CA"},{"@type":"Organization","@id":"https:\/\/leschocolatsdechloe.com\/#organization","name":"Les chocolats de Chlo\u00e9","url":"https:\/\/leschocolatsdechloe.com\/","logo":{"@type":"ImageObject","inLanguage":"en-CA","@id":"https:\/\/leschocolatsdechloe.com\/#\/schema\/logo\/image\/","url":"\/app\/uploads\/2021\/01\/logo-les-chocolats-de-chloe-3.png","contentUrl":"\/app\/uploads\/2021\/01\/logo-les-chocolats-de-chloe-3.png","width":228,"height":93,"caption":"Les chocolats de Chlo\u00e9"},"image":{"@id":"https:\/\/leschocolatsdechloe.com\/#\/schema\/logo\/image\/"},"sameAs":["https:\/\/www.facebook.com\/Les-chocolats-de-Chlo\u00e9-284199728275695\/","https:\/\/x.com\/chocolatschloe","https:\/\/www.instagram.com\/chocolatsdechloe\/"]}]}},"_links":{"self":[{"href":"https:\/\/leschocolatsdechloe.com\/en\/wp-json\/wp\/v2\/product\/7651","targetHints":{"allow":["GET"]}}],"collection":[{"href":"https:\/\/leschocolatsdechloe.com\/en\/wp-json\/wp\/v2\/product"}],"about":[{"href":"https:\/\/leschocolatsdechloe.com\/en\/wp-json\/wp\/v2\/types\/product"}],"wp:featuredmedia":[{"embeddable":true,"href":"https:\/\/leschocolatsdechloe.com\/en\/wp-json\/wp\/v2\/media\/4917"}],"wp:attachment":[{"href":"https:\/\/leschocolatsdechloe.com\/en\/wp-json\/wp\/v2\/media?parent=7651"}],"wp:term":[{"taxonomy":"product_brand","embeddable":true,"href":"https:\/\/leschocolatsdechloe.com\/en\/wp-json\/wp\/v2\/product_brand?post=7651"},{"taxonomy":"product_cat","embeddable":true,"href":"https:\/\/leschocolatsdechloe.com\/en\/wp-json\/wp\/v2\/product_cat?post=7651"},{"taxonomy":"product_tag","embeddable":true,"href":"https:\/\/leschocolatsdechloe.com\/en\/wp-json\/wp\/v2\/product_tag?post=7651"}],"curies":[{"name":"wp","href":"https:\/\/api.w.org\/{rel}","templated":true}]}}